{"id":1459,"date":"2019-03-05T13:15:36","date_gmt":"2019-03-05T12:15:36","guid":{"rendered":"https:\/\/mira3.dk\/contact\/"},"modified":"2024-02-29T17:03:54","modified_gmt":"2024-02-29T16:03:54","slug":"contact","status":"publish","type":"page","link":"https:\/\/mira3.dk\/en\/contact\/","title":{"rendered":"Contact"},"content":{"rendered":"\t\t<div data-elementor-type=\"wp-post\" data-elementor-id=\"1459\" class=\"elementor elementor-1459 elementor-43\" data-elementor-post-type=\"page\">\n\t\t\t\t<div class=\"elementor-element elementor-element-4653dc6 e-flex e-con-boxed e-con e-parent\" data-id=\"4653dc6\" data-element_type=\"container\" data-e-type=\"container\" data-settings=\"{&quot;background_background&quot;:&quot;classic&quot;}\">\n\t\t\t\t\t<div class=\"e-con-inner\">\n\t\t\t\t<div class=\"elementor-element elementor-element-6e12fbc elementor-widget elementor-widget-heading\" data-id=\"6e12fbc\" data-element_type=\"widget\" data-e-type=\"widget\" data-widget_type=\"heading.default\">\n\t\t\t\t<div class=\"elementor-widget-container\">\n\t\t\t\t\t<h1 class=\"elementor-heading-title elementor-size-default\">Contact<\/h1>\t\t\t\t<\/div>\n\t\t\t\t<\/div>\n\t\t\t\t\t<\/div>\n\t\t\t\t<\/div>\n\t\t<div class=\"elementor-element elementor-element-d7cc037 e-grid e-con-full e-con e-parent\" data-id=\"d7cc037\" data-element_type=\"container\" data-e-type=\"container\">\n\t\t<div class=\"elementor-element elementor-element-46455e8 e-flex e-con-boxed e-con e-child\" data-id=\"46455e8\" data-element_type=\"container\" data-e-type=\"container\" data-settings=\"{&quot;background_background&quot;:&quot;classic&quot;}\">\n\t\t\t\t\t<div class=\"e-con-inner\">\n\t\t\t\t\t<\/div>\n\t\t\t\t<\/div>\n\t\t<div class=\"elementor-element elementor-element-af42b07 e-flex e-con-boxed e-con e-child\" data-id=\"af42b07\" data-element_type=\"container\" data-e-type=\"container\" data-settings=\"{&quot;background_background&quot;:&quot;classic&quot;}\">\n\t\t\t\t\t<div class=\"e-con-inner\">\n\t\t<div class=\"elementor-element elementor-element-a9e46e8 e-flex e-con-boxed e-con e-child\" data-id=\"a9e46e8\" data-element_type=\"container\" data-e-type=\"container\">\n\t\t\t\t\t<div class=\"e-con-inner\">\n\t\t\t\t<div class=\"elementor-element elementor-element-4100608 elementor-widget elementor-widget-heading\" data-id=\"4100608\" data-element_type=\"widget\" data-e-type=\"widget\" data-widget_type=\"heading.default\">\n\t\t\t\t<div class=\"elementor-widget-container\">\n\t\t\t\t\t<h2 class=\"elementor-heading-title elementor-size-default\">We are ready to help<\/h2>\t\t\t\t<\/div>\n\t\t\t\t<\/div>\n\t\t\t\t<div class=\"elementor-element elementor-element-bf8db12 elementor-align-start elementor-mobile-align-start elementor-icon-list--layout-inline elementor-list-item-link-full_width elementor-widget elementor-widget-icon-list\" data-id=\"bf8db12\" data-element_type=\"widget\" data-e-type=\"widget\" data-widget_type=\"icon-list.default\">\n\t\t\t\t<div class=\"elementor-widget-container\">\n\t\t\t\t\t\t\t<ul class=\"elementor-icon-list-items elementor-inline-items\">\n\t\t\t\t\t\t\t<li class=\"elementor-icon-list-item elementor-inline-item\">\n\t\t\t\t\t\t\t\t\t\t\t<a href=\"tel:+4512345678\">\n\n\t\t\t\t\t\t\t\t\t\t\t\t<span class=\"elementor-icon-list-icon\">\n\t\t\t\t\t\t\t<svg aria-hidden=\"true\" class=\"e-font-icon-svg e-fas-phone\" viewBox=\"0 0 512 512\" xmlns=\"http:\/\/www.w3.org\/2000\/svg\"><path d=\"M493.4 24.6l-104-24c-11.3-2.6-22.9 3.3-27.5 13.9l-48 112c-4.2 9.8-1.4 21.3 6.9 28l60.6 49.6c-36 76.7-98.9 140.5-177.2 177.2l-49.6-60.6c-6.8-8.3-18.2-11.1-28-6.9l-112 48C3.9 366.5-2 378.1.6 389.4l24 104C27.1 504.2 36.7 512 48 512c256.1 0 464-207.5 464-464 0-11.2-7.7-20.9-18.6-23.4z\"><\/path><\/svg>\t\t\t\t\t\t<\/span>\n\t\t\t\t\t\t\t\t\t\t<span class=\"elementor-icon-list-text\">+45 93 84 75 07<\/span>\n\t\t\t\t\t\t\t\t\t\t\t<\/a>\n\t\t\t\t\t\t\t\t\t<\/li>\n\t\t\t\t\t\t\t\t<li class=\"elementor-icon-list-item elementor-inline-item\">\n\t\t\t\t\t\t\t\t\t\t\t<a href=\"mailto:%20info@mira3.dk\">\n\n\t\t\t\t\t\t\t\t\t\t\t\t<span class=\"elementor-icon-list-icon\">\n\t\t\t\t\t\t\t<svg aria-hidden=\"true\" class=\"e-font-icon-svg e-fas-envelope\" viewBox=\"0 0 512 512\" xmlns=\"http:\/\/www.w3.org\/2000\/svg\"><path d=\"M502.3 190.8c3.9-3.1 9.7-.2 9.7 4.7V400c0 26.5-21.5 48-48 48H48c-26.5 0-48-21.5-48-48V195.6c0-5 5.7-7.8 9.7-4.7 22.4 17.4 52.1 39.5 154.1 113.6 21.1 15.4 56.7 47.8 92.2 47.6 35.7.3 72-32.8 92.3-47.6 102-74.1 131.6-96.3 154-113.7zM256 320c23.2.4 56.6-29.2 73.4-41.4 132.7-96.3 142.8-104.7 173.4-128.7 5.8-4.5 9.2-11.5 9.2-18.9v-19c0-26.5-21.5-48-48-48H48C21.5 64 0 85.5 0 112v19c0 7.4 3.4 14.3 9.2 18.9 30.6 23.9 40.7 32.4 173.4 128.7 16.8 12.2 50.2 41.8 73.4 41.4z\"><\/path><\/svg>\t\t\t\t\t\t<\/span>\n\t\t\t\t\t\t\t\t\t\t<span class=\"elementor-icon-list-text\">info@mira3.dk<\/span>\n\t\t\t\t\t\t\t\t\t\t\t<\/a>\n\t\t\t\t\t\t\t\t\t<\/li>\n\t\t\t\t\t\t<\/ul>\n\t\t\t\t\t\t<\/div>\n\t\t\t\t<\/div>\n\t\t\t\t<div class=\"elementor-element elementor-element-a415425 elementor-button-align-stretch elementor-widget elementor-widget-form\" data-id=\"a415425\" data-element_type=\"widget\" data-e-type=\"widget\" data-settings=\"{&quot;step_next_label&quot;:&quot;Next&quot;,&quot;step_previous_label&quot;:&quot;previous&quot;,&quot;button_width&quot;:&quot;100&quot;,&quot;step_type&quot;:&quot;number_text&quot;,&quot;step_icon_shape&quot;:&quot;circle&quot;}\" data-widget_type=\"form.default\">\n\t\t\t\t<div class=\"elementor-widget-container\">\n\t\t\t\t\t\t\t<form class=\"elementor-form\" method=\"post\" name=\"Contact formular - contact\" aria-label=\"Contact formular - contact\">\n\t\t\t<input type=\"hidden\" name=\"post_id\" value=\"1459\"\/>\n\t\t\t<input type=\"hidden\" name=\"form_id\" value=\"a415425\"\/>\n\t\t\t<input type=\"hidden\" name=\"referer_title\" value=\"Mira III - Contact | Whale watching Middelfart | Middelfart\" \/>\n\n\t\t\t\t\t\t\t<input type=\"hidden\" name=\"queried_id\" value=\"1459\"\/>\n\t\t\t\n\t\t\t<div class=\"elementor-form-fields-wrapper elementor-labels-\">\n\t\t\t\t\t\t\t\t<div class=\"elementor-field-type-text elementor-field-group elementor-column elementor-field-group-name elementor-col-100 elementor-field-required\">\n\t\t\t\t\t\t\t\t\t\t\t\t<label for=\"form-field-name\" class=\"elementor-field-label elementor-screen-only\">\n\t\t\t\t\t\t\t\tName\t\t\t\t\t\t\t<\/label>\n\t\t\t\t\t\t\t\t\t\t\t\t\t\t<input size=\"1\" type=\"text\" name=\"form_fields[name]\" id=\"form-field-name\" class=\"elementor-field elementor-size-sm  elementor-field-textual\" placeholder=\"Name*\" required=\"required\">\n\t\t\t\t\t\t\t\t\t\t\t<\/div>\n\t\t\t\t\t\t\t\t<div class=\"elementor-field-type-email elementor-field-group elementor-column elementor-field-group-email elementor-col-100 elementor-field-required\">\n\t\t\t\t\t\t\t\t\t\t\t\t<label for=\"form-field-email\" class=\"elementor-field-label elementor-screen-only\">\n\t\t\t\t\t\t\t\tE-mail\t\t\t\t\t\t\t<\/label>\n\t\t\t\t\t\t\t\t\t\t\t\t\t\t<input size=\"1\" type=\"email\" name=\"form_fields[email]\" id=\"form-field-email\" class=\"elementor-field elementor-size-sm  elementor-field-textual\" placeholder=\"E-mail*\" required=\"required\">\n\t\t\t\t\t\t\t\t\t\t\t<\/div>\n\t\t\t\t\t\t\t\t<div class=\"elementor-field-type-textarea elementor-field-group elementor-column elementor-field-group-message elementor-col-100 elementor-field-required\">\n\t\t\t\t\t\t\t\t\t\t\t\t<label for=\"form-field-message\" class=\"elementor-field-label elementor-screen-only\">\n\t\t\t\t\t\t\t\tMessage\t\t\t\t\t\t\t<\/label>\n\t\t\t\t\t\t<textarea class=\"elementor-field-textual elementor-field  elementor-size-sm\" name=\"form_fields[message]\" id=\"form-field-message\" rows=\"4\" placeholder=\"Your message*\" required=\"required\"><\/textarea>\t\t\t\t<\/div>\n\t\t\t\t\t\t\t\t<div class=\"elementor-field-type-text\">\n\t\t\t\t\t<input size=\"1\" type=\"text\" name=\"form_fields[field_5474fa7]\" id=\"form-field-field_5474fa7\" class=\"elementor-field elementor-size-sm \" style=\"display:none !important;\">\t\t\t\t<\/div>\n\t\t\t\t\t\t\t\t<div class=\"elementor-field-group elementor-column elementor-field-type-submit elementor-col-100 e-form__buttons\">\n\t\t\t\t\t<button class=\"elementor-button elementor-size-sm\" type=\"submit\">\n\t\t\t\t\t\t<span class=\"elementor-button-content-wrapper\">\n\t\t\t\t\t\t\t\t\t\t\t\t\t\t\t\t\t\t\t\t\t\t<span class=\"elementor-button-text\">send Message<\/span>\n\t\t\t\t\t\t\t\t\t\t\t\t\t<\/span>\n\t\t\t\t\t<\/button>\n\t\t\t\t<\/div>\n\t\t\t<\/div>\n\t\t<\/form>\n\t\t\t\t\t\t<\/div>\n\t\t\t\t<\/div>\n\t\t\t\t\t<\/div>\n\t\t\t\t<\/div>\n\t\t\t\t\t<\/div>\n\t\t\t\t<\/div>\n\t\t\t\t<\/div>\n\t\t\t\t<\/div>\n\t\t","protected":false},"excerpt":{"rendered":"<p>Contact We are ready to help +45 93 84 75 07 info@mira3.dk<\/p>\n","protected":false},"author":1,"featured_media":0,"parent":0,"menu_order":0,"comment_status":"closed","ping_status":"closed","template":"","meta":{"footnotes":""},"class_list":["post-1459","page","type-page","status-publish","hentry"],"yoast_head":"<!-- This site is optimized with the Yoast SEO plugin v27.5 - https:\/\/yoast.com\/product\/yoast-seo-wordpress\/ -->\n<title>Mira III - Contact | Whale watching Middelfart | Middelfart<\/title>\n<meta name=\"description\" content=\"Contact Mira III\" \/>\n<meta name=\"robots\" content=\"index, follow, max-snippet:-1, max-image-preview:large, max-video-preview:-1\" \/>\n<link rel=\"canonical\" href=\"https:\/\/mira3.dk\/en\/contact\/\" \/>\n<meta property=\"og:locale\" content=\"en_US\" \/>\n<meta property=\"og:type\" content=\"article\" \/>\n<meta property=\"og:title\" content=\"Mira III - Contact | Whale watching Middelfart | Middelfart\" \/>\n<meta property=\"og:description\" content=\"Contact Mira III\" \/>\n<meta property=\"og:url\" content=\"https:\/\/mira3.dk\/en\/contact\/\" \/>\n<meta property=\"og:site_name\" content=\"Mira III - Hvalsafari p\u00e5 Lilleb\u00e6lt | Danmark\" \/>\n<meta property=\"article:publisher\" content=\"https:\/\/www.facebook.com\/Mira3HvalsafariMiddelfart\" \/>\n<meta property=\"article:modified_time\" content=\"2024-02-29T16:03:54+00:00\" \/>\n<meta property=\"og:image\" content=\"https:\/\/mira3.dk\/wp-content\/uploads\/received_907982613572351.webp\" \/>\n\t<meta property=\"og:image:width\" content=\"1920\" \/>\n\t<meta property=\"og:image:height\" content=\"1080\" \/>\n\t<meta property=\"og:image:type\" content=\"image\/webp\" \/>\n<meta name=\"twitter:card\" content=\"summary_large_image\" \/>\n<script type=\"application\/ld+json\" class=\"yoast-schema-graph\">{\"@context\":\"https:\\\/\\\/schema.org\",\"@graph\":[{\"@type\":\"WebPage\",\"@id\":\"https:\\\/\\\/mira3.dk\\\/en\\\/contact\\\/\",\"url\":\"https:\\\/\\\/mira3.dk\\\/en\\\/contact\\\/\",\"name\":\"Mira III - Contact | Whale watching Middelfart | Middelfart\",\"isPartOf\":{\"@id\":\"https:\\\/\\\/mira3.dk\\\/en\\\/#website\"},\"datePublished\":\"2019-03-05T12:15:36+00:00\",\"dateModified\":\"2024-02-29T16:03:54+00:00\",\"description\":\"Contact Mira III\",\"inLanguage\":\"en-US\",\"potentialAction\":[{\"@type\":\"ReadAction\",\"target\":[\"https:\\\/\\\/mira3.dk\\\/en\\\/contact\\\/\"]}]},{\"@type\":\"WebSite\",\"@id\":\"https:\\\/\\\/mira3.dk\\\/en\\\/#website\",\"url\":\"https:\\\/\\\/mira3.dk\\\/en\\\/\",\"name\":\"Mira III Hvalsafari & Tursejlads p\u00e5 Lilleb\u00e6lt\",\"description\":\"Kom med p\u00e5 en sjov og hyggelig tur med Mira III oplev Middelfart, Kolding og Fredericia fra vandsiden, og oplev den lille hval Marsvinet\",\"publisher\":{\"@id\":\"https:\\\/\\\/mira3.dk\\\/en\\\/#organization\"},\"potentialAction\":[{\"@type\":\"SearchAction\",\"target\":{\"@type\":\"EntryPoint\",\"urlTemplate\":\"https:\\\/\\\/mira3.dk\\\/en\\\/?s={search_term_string}\"},\"query-input\":{\"@type\":\"PropertyValueSpecification\",\"valueRequired\":true,\"valueName\":\"search_term_string\"}}],\"inLanguage\":\"en-US\"},{\"@type\":\"Organization\",\"@id\":\"https:\\\/\\\/mira3.dk\\\/en\\\/#organization\",\"name\":\"Mira III Hvalsafari & Tursejlads p\u00e5 Lilleb\u00e6lt\",\"url\":\"https:\\\/\\\/mira3.dk\\\/en\\\/\",\"logo\":{\"@type\":\"ImageObject\",\"inLanguage\":\"en-US\",\"@id\":\"https:\\\/\\\/mira3.dk\\\/en\\\/#\\\/schema\\\/logo\\\/image\\\/\",\"url\":\"https:\\\/\\\/mira3.dk\\\/wp-content\\\/uploads\\\/mira3-logo.webp\",\"contentUrl\":\"https:\\\/\\\/mira3.dk\\\/wp-content\\\/uploads\\\/mira3-logo.webp\",\"width\":127,\"height\":72,\"caption\":\"Mira III Hvalsafari & Tursejlads p\u00e5 Lilleb\u00e6lt\"},\"image\":{\"@id\":\"https:\\\/\\\/mira3.dk\\\/en\\\/#\\\/schema\\\/logo\\\/image\\\/\"},\"sameAs\":[\"https:\\\/\\\/www.facebook.com\\\/Mira3HvalsafariMiddelfart\"]}]}<\/script>\n<!-- \/ Yoast SEO plugin. -->","yoast_head_json":{"title":"Mira III - Contact | Whale watching Middelfart | Middelfart","description":"Contact Mira III","robots":{"index":"index","follow":"follow","max-snippet":"max-snippet:-1","max-image-preview":"max-image-preview:large","max-video-preview":"max-video-preview:-1"},"canonical":"https:\/\/mira3.dk\/en\/contact\/","og_locale":"en_US","og_type":"article","og_title":"Mira III - Contact | Whale watching Middelfart | Middelfart","og_description":"Contact Mira III","og_url":"https:\/\/mira3.dk\/en\/contact\/","og_site_name":"Mira III - Hvalsafari p\u00e5 Lilleb\u00e6lt | Danmark","article_publisher":"https:\/\/www.facebook.com\/Mira3HvalsafariMiddelfart","article_modified_time":"2024-02-29T16:03:54+00:00","og_image":[{"width":1920,"height":1080,"url":"https:\/\/mira3.dk\/wp-content\/uploads\/received_907982613572351.webp","type":"image\/webp"}],"twitter_card":"summary_large_image","schema":{"@context":"https:\/\/schema.org","@graph":[{"@type":"WebPage","@id":"https:\/\/mira3.dk\/en\/contact\/","url":"https:\/\/mira3.dk\/en\/contact\/","name":"Mira III - Contact | Whale watching Middelfart | Middelfart","isPartOf":{"@id":"https:\/\/mira3.dk\/en\/#website"},"datePublished":"2019-03-05T12:15:36+00:00","dateModified":"2024-02-29T16:03:54+00:00","description":"Contact Mira III","inLanguage":"en-US","potentialAction":[{"@type":"ReadAction","target":["https:\/\/mira3.dk\/en\/contact\/"]}]},{"@type":"WebSite","@id":"https:\/\/mira3.dk\/en\/#website","url":"https:\/\/mira3.dk\/en\/","name":"Mira III Hvalsafari & Tursejlads p\u00e5 Lilleb\u00e6lt","description":"Kom med p\u00e5 en sjov og hyggelig tur med Mira III oplev Middelfart, Kolding og Fredericia fra vandsiden, og oplev den lille hval Marsvinet","publisher":{"@id":"https:\/\/mira3.dk\/en\/#organization"},"potentialAction":[{"@type":"SearchAction","target":{"@type":"EntryPoint","urlTemplate":"https:\/\/mira3.dk\/en\/?s={search_term_string}"},"query-input":{"@type":"PropertyValueSpecification","valueRequired":true,"valueName":"search_term_string"}}],"inLanguage":"en-US"},{"@type":"Organization","@id":"https:\/\/mira3.dk\/en\/#organization","name":"Mira III Hvalsafari & Tursejlads p\u00e5 Lilleb\u00e6lt","url":"https:\/\/mira3.dk\/en\/","logo":{"@type":"ImageObject","inLanguage":"en-US","@id":"https:\/\/mira3.dk\/en\/#\/schema\/logo\/image\/","url":"https:\/\/mira3.dk\/wp-content\/uploads\/mira3-logo.webp","contentUrl":"https:\/\/mira3.dk\/wp-content\/uploads\/mira3-logo.webp","width":127,"height":72,"caption":"Mira III Hvalsafari & Tursejlads p\u00e5 Lilleb\u00e6lt"},"image":{"@id":"https:\/\/mira3.dk\/en\/#\/schema\/logo\/image\/"},"sameAs":["https:\/\/www.facebook.com\/Mira3HvalsafariMiddelfart"]}]}},"_links":{"self":[{"href":"https:\/\/mira3.dk\/en\/wp-json\/wp\/v2\/pages\/1459","targetHints":{"allow":["GET"]}}],"collection":[{"href":"https:\/\/mira3.dk\/en\/wp-json\/wp\/v2\/pages"}],"about":[{"href":"https:\/\/mira3.dk\/en\/wp-json\/wp\/v2\/types\/page"}],"author":[{"embeddable":true,"href":"https:\/\/mira3.dk\/en\/wp-json\/wp\/v2\/users\/1"}],"replies":[{"embeddable":true,"href":"https:\/\/mira3.dk\/en\/wp-json\/wp\/v2\/comments?post=1459"}],"version-history":[{"count":3,"href":"https:\/\/mira3.dk\/en\/wp-json\/wp\/v2\/pages\/1459\/revisions"}],"predecessor-version":[{"id":1462,"href":"https:\/\/mira3.dk\/en\/wp-json\/wp\/v2\/pages\/1459\/revisions\/1462"}],"wp:attachment":[{"href":"https:\/\/mira3.dk\/en\/wp-json\/wp\/v2\/media?parent=1459"}],"curies":[{"name":"wp","href":"https:\/\/api.w.org\/{rel}","templated":true}]}}