{"id":1449,"date":"2023-11-08T13:51:40","date_gmt":"2023-11-08T12:51:40","guid":{"rendered":"https:\/\/mira3.dk\/gift-card\/"},"modified":"2024-02-29T16:51:10","modified_gmt":"2024-02-29T15:51:10","slug":"gift-card","status":"publish","type":"page","link":"https:\/\/mira3.dk\/en\/gift-card\/","title":{"rendered":"Gift card"},"content":{"rendered":"\t\t<div data-elementor-type=\"wp-page\" data-elementor-id=\"1449\" class=\"elementor elementor-1449 elementor-910\" data-elementor-post-type=\"page\">\n\t\t\t\t<div class=\"elementor-element elementor-element-4e2a1ea e-flex e-con-boxed e-con e-parent\" data-id=\"4e2a1ea\" data-element_type=\"container\" data-e-type=\"container\" data-settings=\"{&quot;background_background&quot;:&quot;classic&quot;}\">\n\t\t\t\t\t<div class=\"e-con-inner\">\n\t\t\t\t<div class=\"elementor-element elementor-element-0224d71 elementor-widget elementor-widget-heading\" data-id=\"0224d71\" data-element_type=\"widget\" data-e-type=\"widget\" data-widget_type=\"heading.default\">\n\t\t\t\t<div class=\"elementor-widget-container\">\n\t\t\t\t\t<h1 class=\"elementor-heading-title elementor-size-default\">Boat trip and whale watching on Lillebaelt<\/h1>\t\t\t\t<\/div>\n\t\t\t\t<\/div>\n\t\t\t\t\t<\/div>\n\t\t\t\t<\/div>\n\t\t<div class=\"elementor-element elementor-element-21eebaa e-grid e-con-full e-con e-parent\" data-id=\"21eebaa\" data-element_type=\"container\" data-e-type=\"container\">\n\t\t<div class=\"elementor-element elementor-element-4bd47ae e-flex e-con-boxed e-con e-child\" data-id=\"4bd47ae\" data-element_type=\"container\" data-e-type=\"container\" data-settings=\"{&quot;background_background&quot;:&quot;classic&quot;}\">\n\t\t\t\t\t<div class=\"e-con-inner\">\n\t\t\t\t\t<\/div>\n\t\t\t\t<\/div>\n\t\t<div class=\"elementor-element elementor-element-ad26a98 e-flex e-con-boxed e-con e-child\" data-id=\"ad26a98\" data-element_type=\"container\" data-e-type=\"container\" data-settings=\"{&quot;background_background&quot;:&quot;classic&quot;}\">\n\t\t\t\t\t<div class=\"e-con-inner\">\n\t\t<div class=\"elementor-element elementor-element-1ef281f e-flex e-con-boxed e-con e-child\" data-id=\"1ef281f\" data-element_type=\"container\" data-e-type=\"container\">\n\t\t\t\t\t<div class=\"e-con-inner\">\n\t\t\t\t<div class=\"elementor-element elementor-element-9539b84 elementor-widget elementor-widget-heading\" data-id=\"9539b84\" data-element_type=\"widget\" data-e-type=\"widget\" data-widget_type=\"heading.default\">\n\t\t\t\t<div class=\"elementor-widget-container\">\n\t\t\t\t\t<h2 class=\"elementor-heading-title elementor-size-default\">Delight someone you care about and give a gift card as a gift!<\/h2>\t\t\t\t<\/div>\n\t\t\t\t<\/div>\n\t\t<div class=\"elementor-element elementor-element-48336bf e-grid e-con-boxed e-con e-child\" data-id=\"48336bf\" data-element_type=\"container\" data-e-type=\"container\">\n\t\t\t\t\t<div class=\"e-con-inner\">\n\t\t\t\t<div class=\"elementor-element elementor-element-6b232fe elementor-widget elementor-widget-button\" data-id=\"6b232fe\" data-element_type=\"widget\" data-e-type=\"widget\" data-widget_type=\"button.default\">\n\t\t\t\t<div class=\"elementor-widget-container\">\n\t\t\t\t\t\t\t\t\t<div class=\"elementor-button-wrapper\">\n\t\t\t\t\t<a class=\"elementor-button elementor-button-link elementor-size-sm\" href=\"https:\/\/mira3.app3.geckobooking.dk\/site\/event.php?lang=2&#038;icCode=f820a4ee8ffd86f084743bc0f2073318b7534&#038;bId=7534&#038;PHPSESSID=11665b6d7e7be2f6d6f4fb6a6376afc1&#038;dTpl=1\" target=\"_blank\">\n\t\t\t\t\t\t<span class=\"elementor-button-content-wrapper\">\n\t\t\t\t\t\t<span class=\"elementor-button-icon\">\n\t\t\t\t<i aria-hidden=\"true\" class=\"fas fa-long-arrow-right\"><\/i>\t\t\t<\/span>\n\t\t\t\t\t\t\t\t\t<span class=\"elementor-button-text\">Buy ticket<\/span>\n\t\t\t\t\t<\/span>\n\t\t\t\t\t<\/a>\n\t\t\t\t<\/div>\n\t\t\t\t\t\t\t\t<\/div>\n\t\t\t\t<\/div>\n\t\t\t\t<div class=\"elementor-element elementor-element-97cb41c elementor-widget elementor-widget-button\" data-id=\"97cb41c\" data-element_type=\"widget\" data-e-type=\"widget\" data-widget_type=\"button.default\">\n\t\t\t\t<div class=\"elementor-widget-container\">\n\t\t\t\t\t\t\t\t\t<div class=\"elementor-button-wrapper\">\n\t\t\t\t\t<a class=\"elementor-button elementor-button-link elementor-size-sm\" href=\"https:\/\/app3.geckobooking.dk\/site\/index.php?icCode=48d1b68b9c1ade7ade0f98706b665433b7534\" target=\"_blank\">\n\t\t\t\t\t\t<span class=\"elementor-button-content-wrapper\">\n\t\t\t\t\t\t<span class=\"elementor-button-icon\">\n\t\t\t\t<i aria-hidden=\"true\" class=\"fas fa-long-arrow-right\"><\/i>\t\t\t<\/span>\n\t\t\t\t\t\t\t\t\t<span class=\"elementor-button-text\">Buy gift cards here<\/span>\n\t\t\t\t\t<\/span>\n\t\t\t\t\t<\/a>\n\t\t\t\t<\/div>\n\t\t\t\t\t\t\t\t<\/div>\n\t\t\t\t<\/div>\n\t\t\t\t\t<\/div>\n\t\t\t\t<\/div>\n\t\t\t\t<div class=\"elementor-element elementor-element-0bceb1d elementor-widget elementor-widget-heading\" data-id=\"0bceb1d\" data-element_type=\"widget\" data-e-type=\"widget\" data-widget_type=\"heading.default\">\n\t\t\t\t<div class=\"elementor-widget-container\">\n\t\t\t\t\t<h2 class=\"elementor-heading-title elementor-size-default\">Boat trip and whale watching on Lillebaelt<\/h2>\t\t\t\t<\/div>\n\t\t\t\t<\/div>\n\t\t\t\t<div class=\"elementor-element elementor-element-99087c2 elementor-widget__width-inherit elementor-widget elementor-widget-text-editor\" data-id=\"99087c2\" data-element_type=\"widget\" data-e-type=\"widget\" data-widget_type=\"text-editor.default\">\n\t\t\t\t<div class=\"elementor-widget-container\">\n\t\t\t\t\t\t\t\t\t<p>The population of porpoises in the Lillebaelt is one of the densest in the world. We enjoy this on our whale safaris, where there is a very high probability of meeting the small whales.<br \/>During the trip we tell you about the porpoises and their life in Lillebaelt.<\/p>\n<p>The route is not completely planned in advance. But we guarantee that we sail under at least one of the two bridges and make the greatest effort to locate the porpoises and plan the most beatiful route.<\/p>\n\t\t\t\t\t\t\t\t<\/div>\n\t\t\t\t<\/div>\n\t\t\t\t\t<\/div>\n\t\t\t\t<\/div>\n\t\t\t\t\t<\/div>\n\t\t\t\t<\/div>\n\t\t\t\t<\/div>\n\t\t<div class=\"elementor-element elementor-element-644671e e-grid e-con-full e-con e-parent\" data-id=\"644671e\" data-element_type=\"container\" data-e-type=\"container\">\n\t\t<div class=\"elementor-element elementor-element-b5035d8 e-flex e-con-boxed e-con e-child\" data-id=\"b5035d8\" data-element_type=\"container\" data-e-type=\"container\" data-settings=\"{&quot;background_background&quot;:&quot;classic&quot;}\">\n\t\t\t\t\t<div class=\"e-con-inner\">\n\t\t<div class=\"elementor-element elementor-element-27a6b50 e-flex e-con-boxed e-con e-child\" data-id=\"27a6b50\" data-element_type=\"container\" data-e-type=\"container\">\n\t\t\t\t\t<div class=\"e-con-inner\">\n\t\t\t\t<div class=\"elementor-element elementor-element-f537f2a elementor-widget__width-inherit elementor-widget elementor-widget-text-editor\" data-id=\"f537f2a\" data-element_type=\"widget\" data-e-type=\"widget\" data-widget_type=\"text-editor.default\">\n\t\t\t\t<div class=\"elementor-widget-container\">\n\t\t\t\t\t\t\t\t\t<p>Often we also see seals, and the Lillebaelt is one of the few places in Denmark where we see &#8220;Alke and Lomvier&#8221;, birds which are otherwise mostly seen in Northern Scandinavia. Once in a while we meet the white tailed Eagle.<\/p>\n<p>The nature in and around the Little Belt is something very special \u2013 and has been declared a marine nature national park. There is plenty of nature and many stories to be told We probably won&#8217;t be able to tell you everything there is to experience here, because it&#8217;s also important to just be present and enjoy the trip and nature.<\/p>\n<p>You are more than welcome to bring provisions as for example coffee &amp; cake, drinks &amp; snacks or what else you could think of to complete your experience at sea. Welcome aboard the &#8220;porpoise trip&#8221;!<\/p>\n\t\t\t\t\t\t\t\t<\/div>\n\t\t\t\t<\/div>\n\t\t\t\t<div class=\"elementor-element elementor-element-52c35cd elementor-widget elementor-widget-heading\" data-id=\"52c35cd\" data-element_type=\"widget\" data-e-type=\"widget\" data-widget_type=\"heading.default\">\n\t\t\t\t<div class=\"elementor-widget-container\">\n\t\t\t\t\t<h4 class=\"elementor-heading-title elementor-size-default\">The gift card can be purchased via the link at the top of the page.<\/h4>\t\t\t\t<\/div>\n\t\t\t\t<\/div>\n\t\t\t\t\t<\/div>\n\t\t\t\t<\/div>\n\t\t\t\t\t<\/div>\n\t\t\t\t<\/div>\n\t\t<div class=\"elementor-element elementor-element-12c6112 e-flex e-con-boxed e-con e-child\" data-id=\"12c6112\" data-element_type=\"container\" data-e-type=\"container\" data-settings=\"{&quot;background_background&quot;:&quot;classic&quot;}\">\n\t\t\t\t\t<div class=\"e-con-inner\">\n\t\t\t\t\t<\/div>\n\t\t\t\t<\/div>\n\t\t\t\t<\/div>\n\t\t<div class=\"elementor-element elementor-element-6d40d7a e-flex e-con-boxed e-con e-parent\" data-id=\"6d40d7a\" data-element_type=\"container\" data-e-type=\"container\">\n\t\t\t\t\t<div class=\"e-con-inner\">\n\t\t\t\t<div class=\"elementor-element elementor-element-b69a406 elementor-widget elementor-widget-heading\" data-id=\"b69a406\" data-element_type=\"widget\" data-e-type=\"widget\" data-widget_type=\"heading.default\">\n\t\t\t\t<div class=\"elementor-widget-container\">\n\t\t\t\t\t<h2 class=\"elementor-heading-title elementor-size-default\">Help with gift cards<\/h2>\t\t\t\t<\/div>\n\t\t\t\t<\/div>\n\t\t\t\t<div class=\"elementor-element elementor-element-793f77e elementor-widget__width-initial elementor-widget elementor-widget-n-accordion\" data-id=\"793f77e\" data-element_type=\"widget\" data-e-type=\"widget\" data-settings=\"{&quot;default_state&quot;:&quot;all_collapsed&quot;,&quot;n_accordion_animation_duration&quot;:{&quot;unit&quot;:&quot;ms&quot;,&quot;size&quot;:250,&quot;sizes&quot;:[]},&quot;max_items_expended&quot;:&quot;one&quot;}\" data-widget_type=\"nested-accordion.default\">\n\t\t\t\t<div class=\"elementor-widget-container\">\n\t\t\t\t\t\t\t<div class=\"e-n-accordion\" aria-label=\"Accordion. Open links with Enter or Space, close with Escape, and navigate with Arrow Keys\">\n\t\t\t\t\t\t<details id=\"e-n-accordion-item-1270\" class=\"e-n-accordion-item\" >\n\t\t\t\t<summary class=\"e-n-accordion-item-title\" data-accordion-index=\"1\" tabindex=\"0\" aria-expanded=\"false\" aria-controls=\"e-n-accordion-item-1270\" >\n\t\t\t\t\t<span class='e-n-accordion-item-title-header'><div class=\"e-n-accordion-item-title-text\"> How do I use the gift card? <\/div><\/span>\n\t\t\t\t\t\t\t<span class='e-n-accordion-item-title-icon'>\n\t\t\t<span class='e-opened' ><svg aria-hidden=\"true\" class=\"e-font-icon-svg e-fas-minus\" viewBox=\"0 0 448 512\" xmlns=\"http:\/\/www.w3.org\/2000\/svg\"><path d=\"M416 208H32c-17.67 0-32 14.33-32 32v32c0 17.67 14.33 32 32 32h384c17.67 0 32-14.33 32-32v-32c0-17.67-14.33-32-32-32z\"><\/path><\/svg><\/span>\n\t\t\t<span class='e-closed'><svg aria-hidden=\"true\" class=\"e-font-icon-svg e-fas-plus\" viewBox=\"0 0 448 512\" xmlns=\"http:\/\/www.w3.org\/2000\/svg\"><path d=\"M416 208H272V64c0-17.67-14.33-32-32-32h-32c-17.67 0-32 14.33-32 32v144H32c-17.67 0-32 14.33-32 32v32c0 17.67 14.33 32 32 32h144v144c0 17.67 14.33 32 32 32h32c17.67 0 32-14.33 32-32V304h144c17.67 0 32-14.33 32-32v-32c0-17.67-14.33-32-32-32z\"><\/path><\/svg><\/span>\n\t\t<\/span>\n\n\t\t\t\t\t\t<\/summary>\n\t\t\t\t<div role=\"region\" aria-labelledby=\"e-n-accordion-item-1270\" class=\"elementor-element elementor-element-5773d75 e-con-full e-flex e-con e-child\" data-id=\"5773d75\" data-element_type=\"container\" data-e-type=\"container\">\n\t\t\t\t<div class=\"elementor-element elementor-element-2e5cc40 elementor-widget elementor-widget-text-editor\" data-id=\"2e5cc40\" data-element_type=\"widget\" data-e-type=\"widget\" data-widget_type=\"text-editor.default\">\n\t\t\t\t<div class=\"elementor-widget-container\">\n\t\t\t\t\t\t\t\t\t<p>To use the gift card:<\/p>\n<ol>\n<li>Click on the link here<\/li>\n<li>Choose the date and time when you want to sail<\/li>\n<li>Enter your information!<\/li>\n<li>Use the code written on your gift card in the &#8220;gift card&#8221; or &#8220;value code&#8221; field\n<p>If you need help, contact our email at info@mira3.dk<\/p>\n<\/li>\n<\/ol>\n\t\t\t\t\t\t\t\t<\/div>\n\t\t\t\t<\/div>\n\t\t\t\t<\/div>\n\t\t\t\t\t<\/details>\n\t\t\t\t\t\t<details id=\"e-n-accordion-item-1271\" class=\"e-n-accordion-item\" >\n\t\t\t\t<summary class=\"e-n-accordion-item-title\" data-accordion-index=\"2\" tabindex=\"-1\" aria-expanded=\"false\" aria-controls=\"e-n-accordion-item-1271\" >\n\t\t\t\t\t<span class='e-n-accordion-item-title-header'><div class=\"e-n-accordion-item-title-text\"> When can I use the gift card? <\/div><\/span>\n\t\t\t\t\t\t\t<span class='e-n-accordion-item-title-icon'>\n\t\t\t<span class='e-opened' ><svg aria-hidden=\"true\" class=\"e-font-icon-svg e-fas-minus\" viewBox=\"0 0 448 512\" xmlns=\"http:\/\/www.w3.org\/2000\/svg\"><path d=\"M416 208H32c-17.67 0-32 14.33-32 32v32c0 17.67 14.33 32 32 32h384c17.67 0 32-14.33 32-32v-32c0-17.67-14.33-32-32-32z\"><\/path><\/svg><\/span>\n\t\t\t<span class='e-closed'><svg aria-hidden=\"true\" class=\"e-font-icon-svg e-fas-plus\" viewBox=\"0 0 448 512\" xmlns=\"http:\/\/www.w3.org\/2000\/svg\"><path d=\"M416 208H272V64c0-17.67-14.33-32-32-32h-32c-17.67 0-32 14.33-32 32v144H32c-17.67 0-32 14.33-32 32v32c0 17.67 14.33 32 32 32h144v144c0 17.67 14.33 32 32 32h32c17.67 0 32-14.33 32-32V304h144c17.67 0 32-14.33 32-32v-32c0-17.67-14.33-32-32-32z\"><\/path><\/svg><\/span>\n\t\t<\/span>\n\n\t\t\t\t\t\t<\/summary>\n\t\t\t\t<div role=\"region\" aria-labelledby=\"e-n-accordion-item-1271\" class=\"elementor-element elementor-element-5f78104 e-con-full e-flex e-con e-child\" data-id=\"5f78104\" data-element_type=\"container\" data-e-type=\"container\">\n\t\t\t\t<div class=\"elementor-element elementor-element-37ecd08 elementor-widget elementor-widget-text-editor\" data-id=\"37ecd08\" data-element_type=\"widget\" data-e-type=\"widget\" data-widget_type=\"text-editor.default\">\n\t\t\t\t<div class=\"elementor-widget-container\">\n\t\t\t\t\t\t\t\t\t<p> The gift card can be used on all public tours where there are free seats left &#8211; To see dates and times for the tours, go to our website by clicking on the link <a class=\"TWoY9 itht3\" href=\"https:\/\/app3.geckobooking.dk\/site\/index.php?icCode=48d1b68b9c1ade7ade0f98706b665433b7534\" target=\"_blank\" rel=\"noopener noreferrer\">here<\/a>.<\/p>\n<p>If you need help, contact us at <a class=\"TWoY9 itht3\" href=\"mailto:info@mira3.dk\" target=\"_blank\" rel=\"noopener noreferrer\">info@mira3.dk<\/a><\/p>\n\t\t\t\t\t\t\t\t<\/div>\n\t\t\t\t<\/div>\n\t\t\t\t<\/div>\n\t\t\t\t\t<\/details>\n\t\t\t\t\t<\/div>\n\t\t\t\t\t<script type=\"application\/ld+json\">{\"@context\":\"https:\\\/\\\/schema.org\",\"@type\":\"FAQPage\",\"mainEntity\":[{\"@type\":\"Question\",\"name\":\"How do I use the gift card?\",\"acceptedAnswer\":{\"@type\":\"Answer\",\"text\":\"To use the gift card:\\n\\nClick on the link here\\nChoose the date and time when you want to sail\\nEnter your information!\\nUse the code written on your gift card in the &#8220;gift card&#8221; or &#8220;value code&#8221; field\\nIf you need help, contact our email at info@mira3.dk\"}},{\"@type\":\"Question\",\"name\":\"When can I use the gift card?\",\"acceptedAnswer\":{\"@type\":\"Answer\",\"text\":\"The gift card can be used on all public tours where there are free seats left &#8211; To see dates and times for the tours, go to our website by clicking on the link here.\\nIf you need help, contact us at info@mira3.dk\"}}]}<\/script>\n\t\t\t\t\t\t\t<\/div>\n\t\t\t\t<\/div>\n\t\t\t\t\t<\/div>\n\t\t\t\t<\/div>\n\t\t\t\t<\/div>\n\t\t","protected":false},"excerpt":{"rendered":"<p>Boat trip and whale watching on Lillebaelt Delight someone you care about and give a gift card as a gift! Buy ticket Buy gift cards here Boat trip and whale watching on Lillebaelt The population of porpoises in the Lillebaelt is one of the densest in the world. We enjoy this on our whale safaris, [&hellip;]<\/p>\n","protected":false},"author":1,"featured_media":0,"parent":0,"menu_order":0,"comment_status":"closed","ping_status":"closed","template":"elementor_header_footer","meta":{"footnotes":""},"class_list":["post-1449","page","type-page","status-publish","hentry"],"yoast_head":"<!-- This site is optimized with the Yoast SEO plugin v27.6 - https:\/\/yoast.com\/product\/yoast-seo-wordpress\/ -->\n<title>Gift card | Mira III Whale watching Middelfart | Middelfart<\/title>\n<meta name=\"description\" content=\"Here you can buy a gift card for the Tour boat Mira III and give it to someone you care about!\" \/>\n<meta name=\"robots\" content=\"index, follow, max-snippet:-1, max-image-preview:large, max-video-preview:-1\" \/>\n<link rel=\"canonical\" href=\"https:\/\/mira3.dk\/en\/gift-card\/\" \/>\n<meta property=\"og:locale\" content=\"en_US\" \/>\n<meta property=\"og:type\" content=\"article\" \/>\n<meta property=\"og:title\" content=\"Gift card | Mira III Whale watching Middelfart | Middelfart\" \/>\n<meta property=\"og:description\" content=\"Here you can buy a gift card for the Tour boat Mira III and give it to someone you care about!\" \/>\n<meta property=\"og:url\" content=\"https:\/\/mira3.dk\/en\/gift-card\/\" \/>\n<meta property=\"og:site_name\" content=\"Mira III - Hvalsafari p\u00e5 Lilleb\u00e6lt | Danmark\" \/>\n<meta property=\"article:publisher\" content=\"https:\/\/www.facebook.com\/Mira3HvalsafariMiddelfart\" \/>\n<meta property=\"article:modified_time\" content=\"2024-02-29T15:51:10+00:00\" \/>\n<meta property=\"og:image\" content=\"https:\/\/mira3.dk\/wp-content\/uploads\/received_907982613572351.webp\" \/>\n\t<meta property=\"og:image:width\" content=\"1920\" \/>\n\t<meta property=\"og:image:height\" content=\"1080\" \/>\n\t<meta property=\"og:image:type\" content=\"image\/webp\" \/>\n<meta name=\"twitter:card\" content=\"summary_large_image\" \/>\n<meta name=\"twitter:label1\" content=\"Est. reading time\" \/>\n\t<meta name=\"twitter:data1\" content=\"2 minutes\" \/>\n<script type=\"application\/ld+json\" class=\"yoast-schema-graph\">{\"@context\":\"https:\\\/\\\/schema.org\",\"@graph\":[{\"@type\":\"WebPage\",\"@id\":\"https:\\\/\\\/mira3.dk\\\/en\\\/gift-card\\\/\",\"url\":\"https:\\\/\\\/mira3.dk\\\/en\\\/gift-card\\\/\",\"name\":\"Gift card | Mira III Whale watching Middelfart | Middelfart\",\"isPartOf\":{\"@id\":\"https:\\\/\\\/mira3.dk\\\/en\\\/#website\"},\"datePublished\":\"2023-11-08T12:51:40+00:00\",\"dateModified\":\"2024-02-29T15:51:10+00:00\",\"description\":\"Here you can buy a gift card for the Tour boat Mira III and give it to someone you care about!\",\"inLanguage\":\"en-US\",\"potentialAction\":[{\"@type\":\"ReadAction\",\"target\":[\"https:\\\/\\\/mira3.dk\\\/en\\\/gift-card\\\/\"]}]},{\"@type\":\"WebSite\",\"@id\":\"https:\\\/\\\/mira3.dk\\\/en\\\/#website\",\"url\":\"https:\\\/\\\/mira3.dk\\\/en\\\/\",\"name\":\"Mira III Hvalsafari & Tursejlads p\u00e5 Lilleb\u00e6lt\",\"description\":\"Kom med p\u00e5 en sjov og hyggelig tur med Mira III oplev Middelfart, Kolding og Fredericia fra vandsiden, og oplev den lille hval Marsvinet\",\"publisher\":{\"@id\":\"https:\\\/\\\/mira3.dk\\\/en\\\/#organization\"},\"potentialAction\":[{\"@type\":\"SearchAction\",\"target\":{\"@type\":\"EntryPoint\",\"urlTemplate\":\"https:\\\/\\\/mira3.dk\\\/en\\\/?s={search_term_string}\"},\"query-input\":{\"@type\":\"PropertyValueSpecification\",\"valueRequired\":true,\"valueName\":\"search_term_string\"}}],\"inLanguage\":\"en-US\"},{\"@type\":\"Organization\",\"@id\":\"https:\\\/\\\/mira3.dk\\\/en\\\/#organization\",\"name\":\"Mira III Hvalsafari & Tursejlads p\u00e5 Lilleb\u00e6lt\",\"url\":\"https:\\\/\\\/mira3.dk\\\/en\\\/\",\"logo\":{\"@type\":\"ImageObject\",\"inLanguage\":\"en-US\",\"@id\":\"https:\\\/\\\/mira3.dk\\\/en\\\/#\\\/schema\\\/logo\\\/image\\\/\",\"url\":\"https:\\\/\\\/mira3.dk\\\/wp-content\\\/uploads\\\/mira3-logo.webp\",\"contentUrl\":\"https:\\\/\\\/mira3.dk\\\/wp-content\\\/uploads\\\/mira3-logo.webp\",\"width\":127,\"height\":72,\"caption\":\"Mira III Hvalsafari & Tursejlads p\u00e5 Lilleb\u00e6lt\"},\"image\":{\"@id\":\"https:\\\/\\\/mira3.dk\\\/en\\\/#\\\/schema\\\/logo\\\/image\\\/\"},\"sameAs\":[\"https:\\\/\\\/www.facebook.com\\\/Mira3HvalsafariMiddelfart\"]}]}<\/script>\n<!-- \/ Yoast SEO plugin. -->","yoast_head_json":{"title":"Gift card | Mira III Whale watching Middelfart | Middelfart","description":"Here you can buy a gift card for the Tour boat Mira III and give it to someone you care about!","robots":{"index":"index","follow":"follow","max-snippet":"max-snippet:-1","max-image-preview":"max-image-preview:large","max-video-preview":"max-video-preview:-1"},"canonical":"https:\/\/mira3.dk\/en\/gift-card\/","og_locale":"en_US","og_type":"article","og_title":"Gift card | Mira III Whale watching Middelfart | Middelfart","og_description":"Here you can buy a gift card for the Tour boat Mira III and give it to someone you care about!","og_url":"https:\/\/mira3.dk\/en\/gift-card\/","og_site_name":"Mira III - Hvalsafari p\u00e5 Lilleb\u00e6lt | Danmark","article_publisher":"https:\/\/www.facebook.com\/Mira3HvalsafariMiddelfart","article_modified_time":"2024-02-29T15:51:10+00:00","og_image":[{"width":1920,"height":1080,"url":"https:\/\/mira3.dk\/wp-content\/uploads\/received_907982613572351.webp","type":"image\/webp"}],"twitter_card":"summary_large_image","twitter_misc":{"Est. reading time":"2 minutes"},"schema":{"@context":"https:\/\/schema.org","@graph":[{"@type":"WebPage","@id":"https:\/\/mira3.dk\/en\/gift-card\/","url":"https:\/\/mira3.dk\/en\/gift-card\/","name":"Gift card | Mira III Whale watching Middelfart | Middelfart","isPartOf":{"@id":"https:\/\/mira3.dk\/en\/#website"},"datePublished":"2023-11-08T12:51:40+00:00","dateModified":"2024-02-29T15:51:10+00:00","description":"Here you can buy a gift card for the Tour boat Mira III and give it to someone you care about!","inLanguage":"en-US","potentialAction":[{"@type":"ReadAction","target":["https:\/\/mira3.dk\/en\/gift-card\/"]}]},{"@type":"WebSite","@id":"https:\/\/mira3.dk\/en\/#website","url":"https:\/\/mira3.dk\/en\/","name":"Mira III Hvalsafari & Tursejlads p\u00e5 Lilleb\u00e6lt","description":"Kom med p\u00e5 en sjov og hyggelig tur med Mira III oplev Middelfart, Kolding og Fredericia fra vandsiden, og oplev den lille hval Marsvinet","publisher":{"@id":"https:\/\/mira3.dk\/en\/#organization"},"potentialAction":[{"@type":"SearchAction","target":{"@type":"EntryPoint","urlTemplate":"https:\/\/mira3.dk\/en\/?s={search_term_string}"},"query-input":{"@type":"PropertyValueSpecification","valueRequired":true,"valueName":"search_term_string"}}],"inLanguage":"en-US"},{"@type":"Organization","@id":"https:\/\/mira3.dk\/en\/#organization","name":"Mira III Hvalsafari & Tursejlads p\u00e5 Lilleb\u00e6lt","url":"https:\/\/mira3.dk\/en\/","logo":{"@type":"ImageObject","inLanguage":"en-US","@id":"https:\/\/mira3.dk\/en\/#\/schema\/logo\/image\/","url":"https:\/\/mira3.dk\/wp-content\/uploads\/mira3-logo.webp","contentUrl":"https:\/\/mira3.dk\/wp-content\/uploads\/mira3-logo.webp","width":127,"height":72,"caption":"Mira III Hvalsafari & Tursejlads p\u00e5 Lilleb\u00e6lt"},"image":{"@id":"https:\/\/mira3.dk\/en\/#\/schema\/logo\/image\/"},"sameAs":["https:\/\/www.facebook.com\/Mira3HvalsafariMiddelfart"]}]}},"_links":{"self":[{"href":"https:\/\/mira3.dk\/en\/wp-json\/wp\/v2\/pages\/1449","targetHints":{"allow":["GET"]}}],"collection":[{"href":"https:\/\/mira3.dk\/en\/wp-json\/wp\/v2\/pages"}],"about":[{"href":"https:\/\/mira3.dk\/en\/wp-json\/wp\/v2\/types\/page"}],"author":[{"embeddable":true,"href":"https:\/\/mira3.dk\/en\/wp-json\/wp\/v2\/users\/1"}],"replies":[{"embeddable":true,"href":"https:\/\/mira3.dk\/en\/wp-json\/wp\/v2\/comments?post=1449"}],"version-history":[{"count":6,"href":"https:\/\/mira3.dk\/en\/wp-json\/wp\/v2\/pages\/1449\/revisions"}],"predecessor-version":[{"id":1886,"href":"https:\/\/mira3.dk\/en\/wp-json\/wp\/v2\/pages\/1449\/revisions\/1886"}],"wp:attachment":[{"href":"https:\/\/mira3.dk\/en\/wp-json\/wp\/v2\/media?parent=1449"}],"curies":[{"name":"wp","href":"https:\/\/api.w.org\/{rel}","templated":true}]}}